{"id":17,"date":"2014-01-03T15:27:20","date_gmt":"2014-01-03T14:27:20","guid":{"rendered":"http:\/\/www.hotel-restaurant-behrend.de\/?page_id=17"},"modified":"2026-01-02T10:36:20","modified_gmt":"2026-01-02T09:36:20","slug":"zimmer","status":"publish","type":"page","link":"http:\/\/www.hotel-restaurant-behrend.de\/?page_id=17","title":{"rendered":"Hotel"},"content":{"rendered":"<p style=\"text-align: justify;\" align=\"justify\">F\u00fcr Gesch\u00e4ftsreisende, Urlauber und Touristen bietet das Hotel und Restaurant Behrend mit seiner gem\u00fctlichen, mecklenburgischen Gastlichkeit einen komfortablen Aufenthalt.<\/p>\n<p style=\"text-align: justify;\">Das Hotel verf\u00fcgt \u00fcber neun komfortable Zimmer, ausgestattet jeweils mit WC &amp; Dusche, Haartrockner , W-Lan sowie Sat-Fernsehen.<\/p>\n<p style=\"text-align: justify;\">Parkpl\u00e4tze befinden sich in ausreichender Anzahl vor dem Haus.<\/p>\n<h5 style=\"text-align: justify;\"><strong>Preise:ab 01.01.2026<\/strong><\/h5>\n<p style=\"text-align: justify;\"><strong>pro Tag<\/strong><\/p>\n<p>Doppelzimmer<br \/>\n<strong>ab <\/strong><strong>EURO 97.-<\/strong><\/p>\n<p style=\"text-align: justify;\">Einzelzimmer<strong><br \/>\nab EURO 58.-<\/strong><\/p>\n<p style=\"text-align: justify;\">Fr\u00fchst\u00fcck pro Person ab <strong>EURO 12 <\/strong><strong>.-<\/strong><strong><br \/>\n<\/strong><\/p>\n<p style=\"text-align: justify;\">F\u00fcr Ihren Hund erlauben wir uns <strong>10.- EURO<\/strong> zu berechnen.<\/p>\n<p><strong>\u00a0<\/strong><\/p>\n<p><span style=\"color: #ff0000;\">Keine Kartenzahlung m\u00f6glich !<\/span><\/p>\n","protected":false},"excerpt":{"rendered":"<p>F\u00fcr Gesch\u00e4ftsreisende, Urlauber und Touristen bietet das Hotel und Restaurant Behrend mit seiner gem\u00fctlichen, mecklenburgischen Gastlichkeit einen komfortablen Aufenthalt. Das Hotel verf\u00fcgt \u00fcber neun komfortable Zimmer, ausgestattet jeweils mit WC &amp; Dusche, Haartrockner , W-Lan sowie Sat-Fernsehen. Parkpl\u00e4tze befinden sich in ausreichender Anzahl vor dem Haus. Preise:ab 01.01.2026 pro Tag Doppelzimmer ab EURO 97.- Einzelzimmer [&hellip;]<\/p>\n","protected":false},"author":1,"featured_media":116,"parent":0,"menu_order":0,"comment_status":"open","ping_status":"closed","template":"","meta":[],"aioseo_notices":[],"_links":{"self":[{"href":"http:\/\/www.hotel-restaurant-behrend.de\/index.php?rest_route=\/wp\/v2\/pages\/17"}],"collection":[{"href":"http:\/\/www.hotel-restaurant-behrend.de\/index.php?rest_route=\/wp\/v2\/pages"}],"about":[{"href":"http:\/\/www.hotel-restaurant-behrend.de\/index.php?rest_route=\/wp\/v2\/types\/page"}],"author":[{"embeddable":true,"href":"http:\/\/www.hotel-restaurant-behrend.de\/index.php?rest_route=\/wp\/v2\/users\/1"}],"replies":[{"embeddable":true,"href":"http:\/\/www.hotel-restaurant-behrend.de\/index.php?rest_route=%2Fwp%2Fv2%2Fcomments&post=17"}],"version-history":[{"count":26,"href":"http:\/\/www.hotel-restaurant-behrend.de\/index.php?rest_route=\/wp\/v2\/pages\/17\/revisions"}],"predecessor-version":[{"id":566,"href":"http:\/\/www.hotel-restaurant-behrend.de\/index.php?rest_route=\/wp\/v2\/pages\/17\/revisions\/566"}],"wp:featuredmedia":[{"embeddable":true,"href":"http:\/\/www.hotel-restaurant-behrend.de\/index.php?rest_route=\/wp\/v2\/media\/116"}],"wp:attachment":[{"href":"http:\/\/www.hotel-restaurant-behrend.de\/index.php?rest_route=%2Fwp%2Fv2%2Fmedia&parent=17"}],"curies":[{"name":"wp","href":"https:\/\/api.w.org\/{rel}","templated":true}]}}