{"id":20,"date":"2014-01-03T15:30:13","date_gmt":"2014-01-03T13:30:13","guid":{"rendered":"http:\/\/www.hotel-restaurant-behrend.de\/?page_id=20"},"modified":"2021-10-13T16:51:01","modified_gmt":"2021-10-13T14:51:01","slug":"restaurant","status":"publish","type":"page","link":"http:\/\/www.hotel-restaurant-behrend.de\/?page_id=20","title":{"rendered":"Restaurant"},"content":{"rendered":"<p style=\"text-align: justify;\">In unserem Restaurant bieten wir Ihnen eine wechselnde regionale K\u00fcche.<\/p>\n<p style=\"text-align: justify;\">F\u00fcr Ihre Familienfeier oder anderen Anl\u00e4ssen k\u00f6nnen wir Ihnen R\u00e4umlichkeiten von 20 bis zu 60 Personen im Restaurant, Wintergarten oder im Festsaal anbieten. Auch f\u00fcr Ihre kleinen und gro\u00dfen Familienfeiern haben wir die richtigen R\u00e4umlichkeiten.<\/p>\n<h5 align=\"justify\">Unsere \u00d6ffnungszeiten<\/h5>\n<p><strong>Montag &#8211; Samstag<\/strong><br \/>\nab 15:00 Uhr<br \/>\nMittwoch und Donnerstag Ruhetag<\/p>\n<p><strong> Sonntag<\/strong><br \/>\nab 14:00 Uhr<\/p>\n","protected":false},"excerpt":{"rendered":"<p>In unserem Restaurant bieten wir Ihnen eine wechselnde regionale K\u00fcche. F\u00fcr Ihre Familienfeier oder anderen Anl\u00e4ssen k\u00f6nnen wir Ihnen R\u00e4umlichkeiten von 20 bis zu 60 Personen im Restaurant, Wintergarten oder im Festsaal anbieten. Auch f\u00fcr Ihre kleinen und gro\u00dfen Familienfeiern haben wir die richtigen R\u00e4umlichkeiten. Unsere \u00d6ffnungszeiten Montag &#8211; Samstag ab 15:00 Uhr Mittwoch und [&hellip;]<\/p>\n","protected":false},"author":1,"featured_media":108,"parent":0,"menu_order":0,"comment_status":"open","ping_status":"open","template":"","meta":[],"aioseo_notices":[],"_links":{"self":[{"href":"http:\/\/www.hotel-restaurant-behrend.de\/index.php?rest_route=\/wp\/v2\/pages\/20"}],"collection":[{"href":"http:\/\/www.hotel-restaurant-behrend.de\/index.php?rest_route=\/wp\/v2\/pages"}],"about":[{"href":"http:\/\/www.hotel-restaurant-behrend.de\/index.php?rest_route=\/wp\/v2\/types\/page"}],"author":[{"embeddable":true,"href":"http:\/\/www.hotel-restaurant-behrend.de\/index.php?rest_route=\/wp\/v2\/users\/1"}],"replies":[{"embeddable":true,"href":"http:\/\/www.hotel-restaurant-behrend.de\/index.php?rest_route=%2Fwp%2Fv2%2Fcomments&post=20"}],"version-history":[{"count":14,"href":"http:\/\/www.hotel-restaurant-behrend.de\/index.php?rest_route=\/wp\/v2\/pages\/20\/revisions"}],"predecessor-version":[{"id":515,"href":"http:\/\/www.hotel-restaurant-behrend.de\/index.php?rest_route=\/wp\/v2\/pages\/20\/revisions\/515"}],"wp:featuredmedia":[{"embeddable":true,"href":"http:\/\/www.hotel-restaurant-behrend.de\/index.php?rest_route=\/wp\/v2\/media\/108"}],"wp:attachment":[{"href":"http:\/\/www.hotel-restaurant-behrend.de\/index.php?rest_route=%2Fwp%2Fv2%2Fmedia&parent=20"}],"curies":[{"name":"wp","href":"https:\/\/api.w.org\/{rel}","templated":true}]}}