{"id":22,"date":"2014-01-03T15:31:29","date_gmt":"2014-01-03T13:31:29","guid":{"rendered":"http:\/\/www.hotel-restaurant-behrend.de\/?page_id=22"},"modified":"2021-04-26T19:15:04","modified_gmt":"2021-04-26T17:15:04","slug":"bar","status":"publish","type":"page","link":"http:\/\/www.hotel-restaurant-behrend.de\/?page_id=22","title":{"rendered":"Bar"},"content":{"rendered":"<p style=\"text-align: justify;\" align=\"justify\">Entspannen Sie nach einem langen Arbeits- oder Gesch\u00e4ftstag gepflegte Getr\u00e4nke und eine angenehme Atmosph\u00e4re in unserer Bar. Diese bietet Platz f\u00fcr etwa 20 G\u00e4ste. <span id=\"articleText\">Im Sommer kann man sein k\u00fchles Getr\u00e4nk auch drau\u00dfen vor der Bar genie\u00dfen.<\/span><\/p>\n","protected":false},"excerpt":{"rendered":"<p>Entspannen Sie nach einem langen Arbeits- oder Gesch\u00e4ftstag gepflegte Getr\u00e4nke und eine angenehme Atmosph\u00e4re in unserer Bar. Diese bietet Platz f\u00fcr etwa 20 G\u00e4ste. Im Sommer kann man sein k\u00fchles Getr\u00e4nk auch drau\u00dfen vor der Bar genie\u00dfen.<\/p>\n","protected":false},"author":1,"featured_media":56,"parent":0,"menu_order":0,"comment_status":"open","ping_status":"open","template":"","meta":[],"aioseo_notices":[],"_links":{"self":[{"href":"http:\/\/www.hotel-restaurant-behrend.de\/index.php?rest_route=\/wp\/v2\/pages\/22"}],"collection":[{"href":"http:\/\/www.hotel-restaurant-behrend.de\/index.php?rest_route=\/wp\/v2\/pages"}],"about":[{"href":"http:\/\/www.hotel-restaurant-behrend.de\/index.php?rest_route=\/wp\/v2\/types\/page"}],"author":[{"embeddable":true,"href":"http:\/\/www.hotel-restaurant-behrend.de\/index.php?rest_route=\/wp\/v2\/users\/1"}],"replies":[{"embeddable":true,"href":"http:\/\/www.hotel-restaurant-behrend.de\/index.php?rest_route=%2Fwp%2Fv2%2Fcomments&post=22"}],"version-history":[{"count":9,"href":"http:\/\/www.hotel-restaurant-behrend.de\/index.php?rest_route=\/wp\/v2\/pages\/22\/revisions"}],"predecessor-version":[{"id":191,"href":"http:\/\/www.hotel-restaurant-behrend.de\/index.php?rest_route=\/wp\/v2\/pages\/22\/revisions\/191"}],"wp:featuredmedia":[{"embeddable":true,"href":"http:\/\/www.hotel-restaurant-behrend.de\/index.php?rest_route=\/wp\/v2\/media\/56"}],"wp:attachment":[{"href":"http:\/\/www.hotel-restaurant-behrend.de\/index.php?rest_route=%2Fwp%2Fv2%2Fmedia&parent=22"}],"curies":[{"name":"wp","href":"https:\/\/api.w.org\/{rel}","templated":true}]}}