{"id":427,"date":"2018-08-07T17:23:19","date_gmt":"2018-08-07T15:23:19","guid":{"rendered":"http:\/\/www.hotel-restaurant-behrend.de\/?page_id=427"},"modified":"2018-08-07T17:27:31","modified_gmt":"2018-08-07T15:27:31","slug":"datenschutzerklaerung","status":"publish","type":"page","link":"http:\/\/www.hotel-restaurant-behrend.de\/?page_id=427","title":{"rendered":"Datenschutzerkl\u00e4rung"},"content":{"rendered":"<h3>Datenschutz<\/h3>\n<h5>Die Betreiber dieser Seiten nehmen den Schutz Ihrer pers\u00f6nlichen Daten sehr ernst. Wir behandeln Ihre personenbezogenen Daten vertraulich und entsprechend der gesetzlichen Datenschutzvorschriften sowie dieser Datenschutzerkl\u00e4rung.Die Nutzung unserer Websiete ist in der Regel ohne Angaben\u00a0 peronenbezogener Daten m\u00f6glich. Soweit personenbezogene Daten\u00a0 ( beispielsweise Name ,Anschrift oder E-Mail-Adresse ) erhoben werden,erfolgt dies,soweit m\u00f6glich, stets auf freiwilliger Basis.Diese Daten werden ohne Ihrer ausdr\u00fccklichen Zustimmung nicht an Dritte wietergegeben. Wir wiesen darauf hin ,dass die Daten\u00fcbertragung im Internet Sicherheitsl\u00fccken aufweisen kann.Ein l\u00fcckenloser Schutz der Daten vor dem Zugriff durch Dritte ist nicht m\u00f6glich.<\/h5>\n<h3>SSl-Verschl\u00fcsselung<\/h3>\n<h5>Diese Seite nutzt aus Gr\u00fcnden der Sicherheit und zum Schutz der \u00dcbertragung vertraulicher Inhalte, wie zu Beispiel der Anfrage, die Sie an uns als Seitenbetzreiber senden ,eine SSL-Verschl\u00fcsselung.<\/h5>\n<h3>Server-Log-Files<\/h3>\n<h5>Der Provider der Seiten erhebt und speichert automatisch Information in so genanntenServer-Log-Files, die Ihr Browser automatisch an uns \u00fcbermittelt.Dies sind &#8211; Browsertyp und Browserversion , -verwendetes Betriebssystem , -Referrer URL , &#8211; Hostname des zugreifenden Rechners , -Uhrzeitder Serveranfrage. Diese Daten sind nicht bestimmten Personen zuordnenbar.Eine Zusammenf\u00fchrung dieser Daten mit andreren Datenquellen wird nicht vorgenommen.Wir behalten uns vor , diese Daten nachtr\u00e4glich zu pr\u00fcfen ,wenn\u00a0 uns konkrete Anhaltspunkte f\u00fcr eine rechtswidrige Nutzung bekannt werden .<\/h5>\n<h3><\/h3>\n<h3>Cookies<\/h3>\n<p>Wenn du einen Kommentar auf unserer Website schreibst, kann das eine Einwilligung sein, deinen Namen, E-Mail-Adresse und Website in Cookies zu speichern. Dies ist eine Komfortfunktion, damit du nicht, wenn du einen weiteren Kommentar schreibst, all diese Daten erneut eingeben musst. Diese Cookies werden ein Jahr lang gespeichert.<\/p>\n<p>Falls du ein Konto hast und dich auf dieser Website anmeldest, werden wir ein tempor\u00e4res Cookie setzen, um festzustellen, ob dein Browser Cookies akzeptiert. Dieses Cookie enth\u00e4lt keine personenbezogenen Daten und wird verworfen, wenn du deinen Browser schlie\u00dft.<\/p>\n<p>Wenn du dich anmeldest, werden wir einige Cookies einrichten, um deine Anmeldeinformationen und Anzeigeoptionen zu speichern. Anmelde-Cookies verfallen nach zwei Tagen und Cookies f\u00fcr die Anzeigeoptionen nach einem Jahr. Falls du bei der Anmeldung \u201eAngemeldet bleiben\u201c ausw\u00e4hlst, wird deine Anmeldung zwei Wochen lang aufrechterhalten. Mit der Abmeldung aus deinem Konto werden die Anmelde-Cookies gel\u00f6scht.<\/p>\n<p>Wenn du einen Artikel bearbeitest oder ver\u00f6ffentlichst, wird ein zus\u00e4tzlicher Cookie in deinem Browser gespeichert. Dieser Cookie enth\u00e4lt keine personenbezogenen Daten und verweist nur auf die Beitrags-ID des Artikels, den du gerade bearbeitet hast. Der Cookie verf\u00e4llt nach einem Ta<\/p>\n<h2><\/h2>\n<h2>Wie lange wir deine Daten speichern<\/h2>\n<p>Wenn du einen Kommentar schreibst, wird dieser inklusive Metadaten zeitlich unbegrenzt gespeichert. Auf diese Art k\u00f6nnen wir Folgekommentare automatisch erkennen und freigeben, anstelle sie in einer Moderations-Warteschlange festzuhalten.<\/p>\n<p>F\u00fcr Benutzer, die sich auf unserer Website registrieren, speichern wir zus\u00e4tzlich die pers\u00f6nlichen Informationen, die sie in ihren Benutzerprofilen angeben. Alle Benutzer k\u00f6nnen jederzeit ihre pers\u00f6nlichen Informationen einsehen, ver\u00e4ndern oder l\u00f6schen (der Benutzername kann nicht ver\u00e4ndert werden). Administratoren der Website k\u00f6nnen diese Informationen ebenfalls einsehen und ver\u00e4ndern.<\/p>\n<h2>Welche Rechte du an deinen Daten hast<\/h2>\n<p>Wenn du ein Konto auf dieser Website besitzt oder Kommentare geschrieben hast, kannst du einen Export deiner personenbezogenen Daten bei uns anfordern, inklusive aller Daten, die du uns mitgeteilt hast. Dar\u00fcber hinaus kannst du die L\u00f6schung aller personenbezogenen Daten, die wir von dir gespeichert haben, anfordern. Dies umfasst nicht die Daten, die wir aufgrund administrativer, rechtlicher oder sicherheitsrelevanter Notwendigkeiten aufbewahren m\u00fcssen.<\/p>\n<h3><\/h3>\n","protected":false},"excerpt":{"rendered":"<p>Datenschutz Die Betreiber dieser Seiten nehmen den Schutz Ihrer pers\u00f6nlichen Daten sehr ernst. Wir behandeln Ihre personenbezogenen Daten vertraulich und entsprechend der gesetzlichen Datenschutzvorschriften sowie dieser Datenschutzerkl\u00e4rung.Die Nutzung unserer Websiete ist in der Regel ohne Angaben\u00a0 peronenbezogener Daten m\u00f6glich. Soweit personenbezogene Daten\u00a0 ( beispielsweise Name ,Anschrift oder E-Mail-Adresse ) erhoben werden,erfolgt dies,soweit m\u00f6glich, stets auf [&hellip;]<\/p>\n","protected":false},"author":1,"featured_media":0,"parent":0,"menu_order":0,"comment_status":"closed","ping_status":"closed","template":"","meta":[],"aioseo_notices":[],"_links":{"self":[{"href":"http:\/\/www.hotel-restaurant-behrend.de\/index.php?rest_route=\/wp\/v2\/pages\/427"}],"collection":[{"href":"http:\/\/www.hotel-restaurant-behrend.de\/index.php?rest_route=\/wp\/v2\/pages"}],"about":[{"href":"http:\/\/www.hotel-restaurant-behrend.de\/index.php?rest_route=\/wp\/v2\/types\/page"}],"author":[{"embeddable":true,"href":"http:\/\/www.hotel-restaurant-behrend.de\/index.php?rest_route=\/wp\/v2\/users\/1"}],"replies":[{"embeddable":true,"href":"http:\/\/www.hotel-restaurant-behrend.de\/index.php?rest_route=%2Fwp%2Fv2%2Fcomments&post=427"}],"version-history":[{"count":2,"href":"http:\/\/www.hotel-restaurant-behrend.de\/index.php?rest_route=\/wp\/v2\/pages\/427\/revisions"}],"predecessor-version":[{"id":430,"href":"http:\/\/www.hotel-restaurant-behrend.de\/index.php?rest_route=\/wp\/v2\/pages\/427\/revisions\/430"}],"wp:attachment":[{"href":"http:\/\/www.hotel-restaurant-behrend.de\/index.php?rest_route=%2Fwp%2Fv2%2Fmedia&parent=427"}],"curies":[{"name":"wp","href":"https:\/\/api.w.org\/{rel}","templated":true}]}}